{"id":6,"date":"2016-12-09T20:07:27","date_gmt":"2016-12-09T20:07:27","guid":{"rendered":"http:\/\/localhost\/wordpress47\/?page_id=6"},"modified":"2022-09-26T19:47:35","modified_gmt":"2022-09-26T19:47:35","slug":"nosotros","status":"publish","type":"page","link":"https:\/\/ir-dweb.com\/webdemocafe\/nosotros\/","title":{"rendered":"Nosotros"},"content":{"rendered":"\t\t<div data-elementor-type=\"wp-post\" data-elementor-id=\"6\" class=\"elementor elementor-6\">\n\t\t\t\t\t\t<section class=\"elementor-section elementor-top-section elementor-element elementor-element-cfadb5e elementor-section-boxed elementor-section-height-default elementor-section-height-default\" data-id=\"cfadb5e\" data-element_type=\"section\">\n\t\t\t\t\t\t<div class=\"elementor-container elementor-column-gap-default\">\n\t\t\t\t\t<div class=\"elementor-column elementor-col-100 elementor-top-column elementor-element elementor-element-f280447\" data-id=\"f280447\" data-element_type=\"column\">\n\t\t\t<div class=\"elementor-widget-wrap elementor-element-populated\">\n\t\t\t\t\t\t<div class=\"elementor-element elementor-element-1a313cb elementor-widget elementor-widget-text-editor\" data-id=\"1a313cb\" data-element_type=\"widget\" data-widget_type=\"text-editor.default\">\n\t\t\t\t<div class=\"elementor-widget-container\">\n\t\t\t\t\t\t\t\t\t<p style=\"text-align: center;\">Este es un ejemplo de una P\u00e1gina Web administrable para <strong>Cafeter\u00edas, bebidas o Restaurantes.<\/strong><\/p>\t\t\t\t\t\t\t\t<\/div>\n\t\t\t\t<\/div>\n\t\t\t\t\t<\/div>\n\t\t<\/div>\n\t\t\t\t\t<\/div>\n\t\t<\/section>\n\t\t\t\t<section class=\"elementor-section elementor-top-section elementor-element elementor-element-2f1222b0 elementor-section-boxed elementor-section-height-default elementor-section-height-default\" data-id=\"2f1222b0\" data-element_type=\"section\">\n\t\t\t\t\t\t<div class=\"elementor-container elementor-column-gap-default\">\n\t\t\t\t\t<div class=\"elementor-column elementor-col-33 elementor-top-column elementor-element elementor-element-14b4ab82\" data-id=\"14b4ab82\" data-element_type=\"column\">\n\t\t\t<div class=\"elementor-widget-wrap elementor-element-populated\">\n\t\t\t\t\t\t<div class=\"elementor-element elementor-element-5ec52e09 elementor-widget-divider--view-line elementor-widget elementor-widget-divider\" data-id=\"5ec52e09\" data-element_type=\"widget\" data-widget_type=\"divider.default\">\n\t\t\t\t<div class=\"elementor-widget-container\">\n\t\t\t\t\t\t\t<div class=\"elementor-divider\">\n\t\t\t<span class=\"elementor-divider-separator\">\n\t\t\t\t\t\t<\/span>\n\t\t<\/div>\n\t\t\t\t\t\t<\/div>\n\t\t\t\t<\/div>\n\t\t\t\t\t<\/div>\n\t\t<\/div>\n\t\t\t\t<div class=\"elementor-column elementor-col-33 elementor-top-column elementor-element elementor-element-50604ff6\" data-id=\"50604ff6\" data-element_type=\"column\">\n\t\t\t<div class=\"elementor-widget-wrap elementor-element-populated\">\n\t\t\t\t\t\t<div class=\"elementor-element elementor-element-5104eb2c elementor-view-default elementor-widget elementor-widget-icon\" data-id=\"5104eb2c\" data-element_type=\"widget\" data-widget_type=\"icon.default\">\n\t\t\t\t<div class=\"elementor-widget-container\">\n\t\t\t\t\t\t\t<div class=\"elementor-icon-wrapper\">\n\t\t\t<div class=\"elementor-icon\">\n\t\t\t\t\t\t\t<i class=\"fa fa-coffee\" aria-hidden=\"true\"><\/i>\n\t\t\t\t\t\t<\/div>\n\t\t<\/div>\n\t\t\t\t\t\t<\/div>\n\t\t\t\t<\/div>\n\t\t\t\t\t<\/div>\n\t\t<\/div>\n\t\t\t\t<div class=\"elementor-column elementor-col-33 elementor-top-column elementor-element elementor-element-14ec848\" data-id=\"14ec848\" data-element_type=\"column\">\n\t\t\t<div class=\"elementor-widget-wrap elementor-element-populated\">\n\t\t\t\t\t\t<div class=\"elementor-element elementor-element-67829216 elementor-widget-divider--view-line elementor-widget elementor-widget-divider\" data-id=\"67829216\" data-element_type=\"widget\" data-widget_type=\"divider.default\">\n\t\t\t\t<div class=\"elementor-widget-container\">\n\t\t\t\t\t\t\t<div class=\"elementor-divider\">\n\t\t\t<span class=\"elementor-divider-separator\">\n\t\t\t\t\t\t<\/span>\n\t\t<\/div>\n\t\t\t\t\t\t<\/div>\n\t\t\t\t<\/div>\n\t\t\t\t\t<\/div>\n\t\t<\/div>\n\t\t\t\t\t<\/div>\n\t\t<\/section>\n\t\t\t\t<section class=\"elementor-section elementor-top-section elementor-element elementor-element-66043504 elementor-reverse-mobile elementor-section-boxed elementor-section-height-default elementor-section-height-default\" data-id=\"66043504\" data-element_type=\"section\">\n\t\t\t\t\t\t<div class=\"elementor-container elementor-column-gap-default\">\n\t\t\t\t\t<div class=\"elementor-column elementor-col-50 elementor-top-column elementor-element elementor-element-3714f0ec\" data-id=\"3714f0ec\" data-element_type=\"column\">\n\t\t\t<div class=\"elementor-widget-wrap elementor-element-populated\">\n\t\t\t\t\t\t<div class=\"elementor-element elementor-element-795d82e4 elementor-widget elementor-widget-text-editor\" data-id=\"795d82e4\" data-element_type=\"widget\" data-widget_type=\"text-editor.default\">\n\t\t\t\t<div class=\"elementor-widget-container\">\n\t\t\t\t\t\t\t\t\t<ul><li>La\u00a0<strong>P\u00e1gina Web Administrable<\/strong>\u00a0est\u00e1 desarrollado en\u00a0<strong>WordPress<\/strong>.<\/li><li>Incluye un <strong>Formulario de Consultas<\/strong> y un <strong>Mapa de ubicaci\u00f3n.<\/strong><\/li><li>Incluye enlaces a <strong>Redes Sociales<\/strong> y Bot\u00f3n para chat <strong>WhatsApp<\/strong>.<\/li><li>Al ser una P\u00e1gina Web Administrable, incluye video tutorial para su actualizaci\u00f3n.<\/li><li>Se pueden crear Landing Pages.<\/li><li>Se puede quitar y agregar p\u00e1ginas.<\/li><li>El dise\u00f1o es <strong>Responsive<\/strong>, es decir la p\u00e1gina web se adapta a Pc, Tablet y Celulares.<\/li><li>Ver mas informaci\u00f3n sobre la <a href=\"https:\/\/ir-dweb.com\/catalogo\/producto\/pagina-web-administrable\/\" target=\"_blank\" rel=\"noopener\">P\u00e1gina Web Administrable en WordPress<\/a><\/li><\/ul>\t\t\t\t\t\t\t\t<\/div>\n\t\t\t\t<\/div>\n\t\t\t\t\t<\/div>\n\t\t<\/div>\n\t\t\t\t<div class=\"elementor-column elementor-col-50 elementor-top-column elementor-element elementor-element-65ecb785\" data-id=\"65ecb785\" data-element_type=\"column\">\n\t\t\t<div class=\"elementor-widget-wrap elementor-element-populated\">\n\t\t\t\t\t\t<div class=\"elementor-element elementor-element-3b93572d elementor-widget elementor-widget-image\" data-id=\"3b93572d\" data-element_type=\"widget\" data-widget_type=\"image.default\">\n\t\t\t\t<div class=\"elementor-widget-container\">\n\t\t\t\t\t\t\t\t\t\t\t\t\t\t\t<img fetchpriority=\"high\" decoding=\"async\" width=\"474\" height=\"356\" src=\"https:\/\/ir-dweb.com\/webdemocafe\/wp-content\/uploads\/nosotros-1.jpg\" class=\"attachment-large size-large wp-image-551\" alt=\"P\u00e1gina web para Cafeter\u00edas o Restaurantes\" srcset=\"https:\/\/ir-dweb.com\/webdemocafe\/wp-content\/uploads\/nosotros-1.jpg 520w, https:\/\/ir-dweb.com\/webdemocafe\/wp-content\/uploads\/nosotros-1-300x225.jpg 300w\" sizes=\"(max-width: 474px) 100vw, 474px\" title=\"P\u00e1gina web para Cafeter\u00edas o Restaurantes\" \/>\t\t\t\t\t\t\t\t\t\t\t\t\t\t\t<\/div>\n\t\t\t\t<\/div>\n\t\t\t\t\t<\/div>\n\t\t<\/div>\n\t\t\t\t\t<\/div>\n\t\t<\/section>\n\t\t\t\t<section class=\"elementor-section elementor-top-section elementor-element elementor-element-3338efb6 elementor-section-stretched elementor-section-boxed elementor-section-height-default elementor-section-height-default\" data-id=\"3338efb6\" data-element_type=\"section\" data-settings=\"{&quot;stretch_section&quot;:&quot;section-stretched&quot;,&quot;background_background&quot;:&quot;classic&quot;}\">\n\t\t\t\t\t\t\t<div class=\"elementor-background-overlay\"><\/div>\n\t\t\t\t\t\t\t<div class=\"elementor-container elementor-column-gap-default\">\n\t\t\t\t\t<div class=\"elementor-column elementor-col-100 elementor-top-column elementor-element elementor-element-49a6a4b4\" data-id=\"49a6a4b4\" data-element_type=\"column\">\n\t\t\t<div class=\"elementor-widget-wrap elementor-element-populated\">\n\t\t\t\t\t\t<section class=\"elementor-section elementor-inner-section elementor-element elementor-element-fc3d770 elementor-section-boxed elementor-section-height-default elementor-section-height-default\" data-id=\"fc3d770\" data-element_type=\"section\">\n\t\t\t\t\t\t<div class=\"elementor-container elementor-column-gap-default\">\n\t\t\t\t\t<div class=\"elementor-column elementor-col-100 elementor-inner-column elementor-element elementor-element-6278458b\" data-id=\"6278458b\" data-element_type=\"column\">\n\t\t\t<div class=\"elementor-widget-wrap elementor-element-populated\">\n\t\t\t\t\t\t<div class=\"elementor-element elementor-element-77fa14bd elementor-widget elementor-widget-heading\" data-id=\"77fa14bd\" data-element_type=\"widget\" data-widget_type=\"heading.default\">\n\t\t\t\t<div class=\"elementor-widget-container\">\n\t\t\t\t\t<h2 class=\"elementor-heading-title elementor-size-default\">El mejor Caf\u00e9 en el Mejor lugar<\/h2>\t\t\t\t<\/div>\n\t\t\t\t<\/div>\n\t\t\t\t\t<\/div>\n\t\t<\/div>\n\t\t\t\t\t<\/div>\n\t\t<\/section>\n\t\t\t\t\t<\/div>\n\t\t<\/div>\n\t\t\t\t\t<\/div>\n\t\t<\/section>\n\t\t\t\t<section class=\"elementor-section elementor-top-section elementor-element elementor-element-1510d156 elementor-section-boxed elementor-section-height-default elementor-section-height-default\" data-id=\"1510d156\" data-element_type=\"section\">\n\t\t\t\t\t\t<div class=\"elementor-container elementor-column-gap-default\">\n\t\t\t\t\t<div class=\"elementor-column elementor-col-50 elementor-top-column elementor-element elementor-element-2519466a\" data-id=\"2519466a\" data-element_type=\"column\">\n\t\t\t<div class=\"elementor-widget-wrap elementor-element-populated\">\n\t\t\t\t\t\t<div class=\"elementor-element elementor-element-47e8ea6e elementor-widget elementor-widget-image\" data-id=\"47e8ea6e\" data-element_type=\"widget\" data-widget_type=\"image.default\">\n\t\t\t\t<div class=\"elementor-widget-container\">\n\t\t\t\t\t\t\t\t\t\t\t\t\t\t\t<img decoding=\"async\" width=\"520\" height=\"346\" src=\"https:\/\/ir-dweb.com\/webdemocafe\/wp-content\/uploads\/cafe-about.jpg\" class=\"attachment-full size-full wp-image-548\" alt=\"P\u00e1gina web para Cafeter\u00edas o Restaurantes\" srcset=\"https:\/\/ir-dweb.com\/webdemocafe\/wp-content\/uploads\/cafe-about.jpg 520w, https:\/\/ir-dweb.com\/webdemocafe\/wp-content\/uploads\/cafe-about-300x200.jpg 300w\" sizes=\"(max-width: 520px) 100vw, 520px\" title=\"P\u00e1gina web para Cafeter\u00edas o Restaurantes\" \/>\t\t\t\t\t\t\t\t\t\t\t\t\t\t\t<\/div>\n\t\t\t\t<\/div>\n\t\t\t\t\t<\/div>\n\t\t<\/div>\n\t\t\t\t<div class=\"elementor-column elementor-col-50 elementor-top-column elementor-element elementor-element-3c75a802\" data-id=\"3c75a802\" data-element_type=\"column\">\n\t\t\t<div class=\"elementor-widget-wrap elementor-element-populated\">\n\t\t\t\t\t\t<div class=\"elementor-element elementor-element-4511eb74 elementor-widget elementor-widget-text-editor\" data-id=\"4511eb74\" data-element_type=\"widget\" data-widget_type=\"text-editor.default\">\n\t\t\t\t<div class=\"elementor-widget-container\">\n\t\t\t\t\t\t\t\t\t<p>Lorem ipsum dolor sit amet, consectetur adipiscing elit. Ut elit tellus, luctus nec ullamcorper mattis, pulvinar dapibus leo. Lorem ipsum dolor sit amet, consectetur adipiscing elit, sed do eiusmod tempor incididunt ut labore et dolore magna aliqua. Ut enim ad minim veniam, quis nostrud exercitation ullamco laboris nisi ut aliquip ex ea commodo consequat. Duis aute irure dolor in reprehenderit in voluptate velit esse cillum dolore eu fugiat nulla pariatur. Excepteur sint occaecat cupidatat non proident, sunt in culpa qui officia deserunt mollit anim id est laborum.<\/p><p>Lorem ipsum dolor sit amet, consectetur adipiscing elit, sed do eiusmod tempor incididunt ut labore et dolore magna aliqua. Ut enim ad minim veniam, quis nostrud exercitation ullamco laboris nisi ut aliquip ex ea commodo consequat. Duis aute irure dolor in reprehenderit in voluptate velit esse cillum dolore eu fugiat nulla pariatur.\u00a0<\/p>\t\t\t\t\t\t\t\t<\/div>\n\t\t\t\t<\/div>\n\t\t\t\t\t<\/div>\n\t\t<\/div>\n\t\t\t\t\t<\/div>\n\t\t<\/section>\n\t\t\t\t<section class=\"elementor-section elementor-top-section elementor-element elementor-element-7c4480 elementor-section-boxed elementor-section-height-default elementor-section-height-default\" data-id=\"7c4480\" data-element_type=\"section\">\n\t\t\t\t\t\t<div class=\"elementor-container elementor-column-gap-default\">\n\t\t\t\t\t<div class=\"elementor-column elementor-col-100 elementor-top-column elementor-element elementor-element-68a6fc47\" data-id=\"68a6fc47\" data-element_type=\"column\">\n\t\t\t<div class=\"elementor-widget-wrap elementor-element-populated\">\n\t\t\t\t\t\t<div class=\"elementor-element elementor-element-6a126a2d elementor-align-center elementor-widget elementor-widget-button\" data-id=\"6a126a2d\" data-element_type=\"widget\" data-widget_type=\"button.default\">\n\t\t\t\t<div class=\"elementor-widget-container\">\n\t\t\t\t\t\t\t\t\t<div class=\"elementor-button-wrapper\">\n\t\t\t\t\t<a class=\"elementor-button elementor-button-link elementor-size-sm\" href=\"https:\/\/ir-dweb.com\/webdemocafe\/la-carta\/\">\n\t\t\t\t\t\t<span class=\"elementor-button-content-wrapper\">\n\t\t\t\t\t\t\t\t\t<span class=\"elementor-button-text\">CONOCE NUESTRA CARTA<\/span>\n\t\t\t\t\t<\/span>\n\t\t\t\t\t<\/a>\n\t\t\t\t<\/div>\n\t\t\t\t\t\t\t\t<\/div>\n\t\t\t\t<\/div>\n\t\t\t\t\t<\/div>\n\t\t<\/div>\n\t\t\t\t\t<\/div>\n\t\t<\/section>\n\t\t\t\t<\/div>\n\t\t","protected":false},"excerpt":{"rendered":"<p>Este es un ejemplo de una P\u00e1gina Web administrable para Cafeter\u00edas, bebidas o Restaurantes. La\u00a0P\u00e1gina Web Administrable\u00a0est\u00e1 desarrollado en\u00a0WordPress. Incluye un Formulario de Consultas y un Mapa de ubicaci\u00f3n. Incluye enlaces a Redes Sociales y Bot\u00f3n para chat WhatsApp. Al ser una P\u00e1gina Web Administrable, incluye video tutorial para su actualizaci\u00f3n. Se pueden crear Landing &hellip; <a href=\"https:\/\/ir-dweb.com\/webdemocafe\/nosotros\/\" class=\"more-link\">Seguir leyendo <span class=\"screen-reader-text\">Nosotros<\/span> <span class=\"meta-nav\">&rarr;<\/span><\/a><\/p>\n","protected":false},"author":1,"featured_media":0,"parent":0,"menu_order":1,"comment_status":"closed","ping_status":"closed","template":"","meta":{"footnotes":""},"class_list":["post-6","page","type-page","status-publish","hentry"],"_links":{"self":[{"href":"https:\/\/ir-dweb.com\/webdemocafe\/wp-json\/wp\/v2\/pages\/6","targetHints":{"allow":["GET"]}}],"collection":[{"href":"https:\/\/ir-dweb.com\/webdemocafe\/wp-json\/wp\/v2\/pages"}],"about":[{"href":"https:\/\/ir-dweb.com\/webdemocafe\/wp-json\/wp\/v2\/types\/page"}],"author":[{"embeddable":true,"href":"https:\/\/ir-dweb.com\/webdemocafe\/wp-json\/wp\/v2\/users\/1"}],"replies":[{"embeddable":true,"href":"https:\/\/ir-dweb.com\/webdemocafe\/wp-json\/wp\/v2\/comments?post=6"}],"version-history":[{"count":82,"href":"https:\/\/ir-dweb.com\/webdemocafe\/wp-json\/wp\/v2\/pages\/6\/revisions"}],"predecessor-version":[{"id":778,"href":"https:\/\/ir-dweb.com\/webdemocafe\/wp-json\/wp\/v2\/pages\/6\/revisions\/778"}],"wp:attachment":[{"href":"https:\/\/ir-dweb.com\/webdemocafe\/wp-json\/wp\/v2\/media?parent=6"}],"curies":[{"name":"wp","href":"https:\/\/api.w.org\/{rel}","templated":true}]}}