{"id":121,"date":"2018-05-02T20:22:07","date_gmt":"2018-05-02T20:22:07","guid":{"rendered":"http:\/\/localhost\/wpelementor\/?page_id=121"},"modified":"2020-04-28T00:15:55","modified_gmt":"2020-04-28T00:15:55","slug":"contactos","status":"publish","type":"page","link":"https:\/\/ir-dweb.com\/tema-irweb14\/contactos\/","title":{"rendered":"Contactos"},"content":{"rendered":"\t\t<div data-elementor-type=\"wp-post\" data-elementor-id=\"121\" class=\"elementor elementor-121\">\n\t\t\t\t\t\t<section class=\"elementor-section elementor-top-section elementor-element elementor-element-5255c67 elementor-section-boxed elementor-section-height-default elementor-section-height-default\" data-id=\"5255c67\" data-element_type=\"section\" data-settings=\"{&quot;background_background&quot;:&quot;classic&quot;}\">\n\t\t\t\t\t\t<div class=\"elementor-container elementor-column-gap-default\">\n\t\t\t\t\t<div class=\"elementor-column elementor-col-50 elementor-top-column elementor-element elementor-element-7ceaceb\" data-id=\"7ceaceb\" data-element_type=\"column\">\n\t\t\t<div class=\"elementor-widget-wrap elementor-element-populated\">\n\t\t\t\t\t\t<div class=\"elementor-element elementor-element-61a75e9 elementor-widget elementor-widget-image\" data-id=\"61a75e9\" data-element_type=\"widget\" data-widget_type=\"image.default\">\n\t\t\t\t<div class=\"elementor-widget-container\">\n\t\t\t\t\t\t\t\t\t\t\t\t\t\t\t<img fetchpriority=\"high\" decoding=\"async\" width=\"400\" height=\"200\" src=\"https:\/\/ir-dweb.com\/tema-irweb14\/wp-content\/uploads\/contactos.jpg\" class=\"attachment-full size-full wp-image-164\" alt=\"\" srcset=\"https:\/\/ir-dweb.com\/tema-irweb14\/wp-content\/uploads\/contactos.jpg 400w, https:\/\/ir-dweb.com\/tema-irweb14\/wp-content\/uploads\/contactos-300x150.jpg 300w\" sizes=\"(max-width: 400px) 100vw, 400px\" title=\"contactos\" \/>\t\t\t\t\t\t\t\t\t\t\t\t\t\t\t<\/div>\n\t\t\t\t<\/div>\n\t\t\t\t\t<\/div>\n\t\t<\/div>\n\t\t\t\t<div class=\"elementor-column elementor-col-50 elementor-top-column elementor-element elementor-element-d7d6095\" data-id=\"d7d6095\" data-element_type=\"column\" data-settings=\"{&quot;background_background&quot;:&quot;classic&quot;}\">\n\t\t\t<div class=\"elementor-widget-wrap elementor-element-populated\">\n\t\t\t\t\t\t<div class=\"elementor-element elementor-element-cb61e6b elementor-widget elementor-widget-text-editor\" data-id=\"cb61e6b\" data-element_type=\"widget\" data-widget_type=\"text-editor.default\">\n\t\t\t\t<div class=\"elementor-widget-container\">\n\t\t\t\t\t\t\t\t\t<p style=\"text-align: center;\"><span style=\"color: #1e73be;\"><em style=\"font-size: 17px;\"><strong>Informaci\u00f3n de Contacto<\/strong><\/em><\/span><\/p><p style=\"text-align: center;\">Direcci\u00f3n: Lima Per\u00fa<\/p><p style=\"text-align: center;\">Tel\u00e9fono: 999 999 999<\/p><p style=\"text-align: center;\">Email: info@ir-dweb.com<\/p>\t\t\t\t\t\t\t\t<\/div>\n\t\t\t\t<\/div>\n\t\t\t\t\t<\/div>\n\t\t<\/div>\n\t\t\t\t\t<\/div>\n\t\t<\/section>\n\t\t\t\t<section class=\"elementor-section elementor-top-section elementor-element elementor-element-d6a2f2c elementor-section-boxed elementor-section-height-default elementor-section-height-default\" data-id=\"d6a2f2c\" data-element_type=\"section\">\n\t\t\t\t\t\t<div class=\"elementor-container elementor-column-gap-default\">\n\t\t\t\t\t<div class=\"elementor-column elementor-col-50 elementor-top-column elementor-element elementor-element-bfb93c0\" data-id=\"bfb93c0\" data-element_type=\"column\">\n\t\t\t<div class=\"elementor-widget-wrap elementor-element-populated\">\n\t\t\t\t\t\t<div class=\"elementor-element elementor-element-0da6599 elementor-widget elementor-widget-text-editor\" data-id=\"0da6599\" data-element_type=\"widget\" data-widget_type=\"text-editor.default\">\n\t\t\t\t<div class=\"elementor-widget-container\">\n\t\t\t\t\t\t\t\t\t<p><span style=\"color: #1e73be;\"><em><strong>Formulario de consultas<\/strong><\/em><\/span><\/p><p>\n<div class=\"wpcf7 no-js\" id=\"wpcf7-f120-o1\" lang=\"es-ES\" dir=\"ltr\" data-wpcf7-id=\"120\">\n<div class=\"screen-reader-response\"><p role=\"status\" aria-live=\"polite\" aria-atomic=\"true\"><\/p> <ul><\/ul><\/div>\n<form action=\"\/tema-irweb14\/wp-json\/wp\/v2\/pages\/121#wpcf7-f120-o1\" method=\"post\" class=\"wpcf7-form init demo\" aria-label=\"Formulario de contacto\" novalidate=\"novalidate\" data-status=\"init\">\n<fieldset class=\"hidden-fields-container\"><input type=\"hidden\" name=\"_wpcf7\" value=\"120\" \/><input type=\"hidden\" name=\"_wpcf7_version\" value=\"6.1.2\" \/><input type=\"hidden\" name=\"_wpcf7_locale\" value=\"es_ES\" \/><input type=\"hidden\" name=\"_wpcf7_unit_tag\" value=\"wpcf7-f120-o1\" \/><input type=\"hidden\" name=\"_wpcf7_container_post\" value=\"0\" \/><input type=\"hidden\" name=\"_wpcf7_posted_data_hash\" value=\"\" \/>\n<\/fieldset>\n<p><label> Nombre (requerido)<br \/>\n<span class=\"wpcf7-form-control-wrap\" data-name=\"nombre\"><input size=\"40\" maxlength=\"45\" class=\"wpcf7-form-control wpcf7-text wpcf7-validates-as-required\" aria-required=\"true\" aria-invalid=\"false\" value=\"\" type=\"text\" name=\"nombre\" \/><\/span> <\/label>\n<\/p>\n<p><label> Correo electr\u00f3nico (requerido)<br \/>\n<span class=\"wpcf7-form-control-wrap\" data-name=\"email\"><input size=\"40\" maxlength=\"50\" class=\"wpcf7-form-control wpcf7-email wpcf7-validates-as-required wpcf7-text wpcf7-validates-as-email\" aria-required=\"true\" aria-invalid=\"false\" value=\"\" type=\"email\" name=\"email\" \/><\/span> <\/label>\n<\/p>\n<p><label> Tel\u00e9fono<br \/>\n<span class=\"wpcf7-form-control-wrap\" data-name=\"telefono\"><input size=\"40\" maxlength=\"12\" class=\"wpcf7-form-control wpcf7-tel wpcf7-text wpcf7-validates-as-tel\" aria-invalid=\"false\" value=\"\" type=\"tel\" name=\"telefono\" \/><\/span> <\/label>\n<\/p>\n<p><label> Mensaje<br \/>\n<span class=\"wpcf7-form-control-wrap\" data-name=\"mensaje\"><textarea cols=\"40\" rows=\"5\" maxlength=\"260\" class=\"wpcf7-form-control wpcf7-textarea\" aria-invalid=\"false\" name=\"mensaje\"><\/textarea><\/span> <\/label>\n<\/p>\n<p><input class=\"wpcf7-form-control wpcf7-submit has-spinner\" type=\"submit\" value=\"Enviar\" \/>\n<\/p>\n<p>* Formulario de ejemplo, no se env\u00eda la informaci\u00f3n\n<\/p><div class=\"wpcf7-response-output\" aria-hidden=\"true\"><\/div>\n<\/form>\n<\/div>\n<\/p>\t\t\t\t\t\t\t\t<\/div>\n\t\t\t\t<\/div>\n\t\t\t\t\t<\/div>\n\t\t<\/div>\n\t\t\t\t<div class=\"elementor-column elementor-col-50 elementor-top-column elementor-element elementor-element-08b0a09\" data-id=\"08b0a09\" data-element_type=\"column\">\n\t\t\t<div class=\"elementor-widget-wrap elementor-element-populated\">\n\t\t\t\t\t\t<div class=\"elementor-element elementor-element-b534fcb elementor-widget elementor-widget-text-editor\" data-id=\"b534fcb\" data-element_type=\"widget\" data-widget_type=\"text-editor.default\">\n\t\t\t\t<div class=\"elementor-widget-container\">\n\t\t\t\t\t\t\t\t\t<p><span style=\"color: #1e73be;\"><em><strong>Mapa de ubicaci\u00f3n<\/strong><\/em><\/span><\/p><p><iframe style=\"border: 0; height: 480px;\" src=\"https:\/\/www.google.com\/maps\/embed?pb=!1m18!1m12!1m3!1d3900.8964972641047!2d-77.03138678589049!3d-12.119233846550792!2m3!1f0!2f0!3f0!3m2!1i1024!2i768!4f13.1!3m3!1m2!1s0x9105c819e09637b7%3A0xd8d925e3447223fe!2s%C3%93valo+de+Miraflores%2C+Miraflores+15074!5e0!3m2!1ses-419!2spe!4v1525293192992\" width=\"500\" height=\"400\" frameborder=\"0\" allowfullscreen=\"allowfullscreen\"><\/iframe><\/p>\t\t\t\t\t\t\t\t<\/div>\n\t\t\t\t<\/div>\n\t\t\t\t\t<\/div>\n\t\t<\/div>\n\t\t\t\t\t<\/div>\n\t\t<\/section>\n\t\t\t\t<\/div>\n\t\t","protected":false},"excerpt":{"rendered":"<p>Informaci\u00f3n de Contacto Direcci\u00f3n: Lima Per\u00fa Tel\u00e9fono: 999 999 999 Email: info@ir-dweb.com Formulario de consultas Mapa de ubicaci\u00f3n<\/p>\n","protected":false},"author":1,"featured_media":0,"parent":0,"menu_order":0,"comment_status":"closed","ping_status":"closed","template":"page-templates\/full-width.php","meta":{"footnotes":""},"class_list":["post-121","page","type-page","status-publish","hentry"],"_links":{"self":[{"href":"https:\/\/ir-dweb.com\/tema-irweb14\/wp-json\/wp\/v2\/pages\/121","targetHints":{"allow":["GET"]}}],"collection":[{"href":"https:\/\/ir-dweb.com\/tema-irweb14\/wp-json\/wp\/v2\/pages"}],"about":[{"href":"https:\/\/ir-dweb.com\/tema-irweb14\/wp-json\/wp\/v2\/types\/page"}],"author":[{"embeddable":true,"href":"https:\/\/ir-dweb.com\/tema-irweb14\/wp-json\/wp\/v2\/users\/1"}],"replies":[{"embeddable":true,"href":"https:\/\/ir-dweb.com\/tema-irweb14\/wp-json\/wp\/v2\/comments?post=121"}],"version-history":[{"count":0,"href":"https:\/\/ir-dweb.com\/tema-irweb14\/wp-json\/wp\/v2\/pages\/121\/revisions"}],"wp:attachment":[{"href":"https:\/\/ir-dweb.com\/tema-irweb14\/wp-json\/wp\/v2\/media?parent=121"}],"curies":[{"name":"wp","href":"https:\/\/api.w.org\/{rel}","templated":true}]}}